{"id":510,"date":"2021-03-24T13:32:43","date_gmt":"2021-03-24T13:32:43","guid":{"rendered":"https:\/\/www.shop.zur-linde-ruegen.de\/?post_type=product&#038;p=510"},"modified":"2021-03-24T13:34:09","modified_gmt":"2021-03-24T13:34:09","slug":"wertgutschein-offen","status":"publish","type":"product","link":"https:\/\/shop.zur-linde-ruegen.de\/index.php\/product\/wertgutschein-offen\/","title":{"rendered":"Wertgutschein offen"},"content":{"rendered":"<p>Erleben Sie das M\u00f6nchguter Paradis auf R\u00fcgen. Zu jeder Jahreszeit geht es hier sinnlich und beschaulich zu. Die nahen Str\u00e4nde sind immer einen Spaziergang Wert. Erleben Sie die herrliche Landschaft des M\u00f6nchgutes und lassen Sie sich von uns verw\u00f6hnen.<\/p>\n<p>Wir hei\u00dfen Sie herzlich Willkommen!<\/p>\n","protected":false},"excerpt":{"rendered":"<p>Erleben Sie das M\u00f6nchguter Paradis auf R\u00fcgen. Zu jeder Jahreszeit geht es hier sinnlich und beschaulich zu. Die nahen Str\u00e4nde sind immer einen Spaziergang Wert. Erleben Sie die herrliche Landschaft des M\u00f6nchgutes und lassen Sie sich von uns verw\u00f6hnen. Wir hei\u00dfen Sie herzlich Willkommen!<\/p>\n","protected":false},"featured_media":478,"comment_status":"open","ping_status":"closed","template":"","meta":{"_et_pb_use_builder":"","_et_pb_old_content":"","_et_gb_content_width":""},"product_brand":[],"product_cat":[27],"product_tag":[],"class_list":{"0":"post-510","1":"product","2":"type-product","3":"status-publish","4":"has-post-thumbnail","6":"product_cat-hotelleistungen","8":"first","9":"instock","10":"virtual","11":"taxable","12":"product-type-simple"},"_links":{"self":[{"href":"https:\/\/shop.zur-linde-ruegen.de\/index.php\/wp-json\/wp\/v2\/product\/510","targetHints":{"allow":["GET"]}}],"collection":[{"href":"https:\/\/shop.zur-linde-ruegen.de\/index.php\/wp-json\/wp\/v2\/product"}],"about":[{"href":"https:\/\/shop.zur-linde-ruegen.de\/index.php\/wp-json\/wp\/v2\/types\/product"}],"replies":[{"embeddable":true,"href":"https:\/\/shop.zur-linde-ruegen.de\/index.php\/wp-json\/wp\/v2\/comments?post=510"}],"wp:featuredmedia":[{"embeddable":true,"href":"https:\/\/shop.zur-linde-ruegen.de\/index.php\/wp-json\/wp\/v2\/media\/478"}],"wp:attachment":[{"href":"https:\/\/shop.zur-linde-ruegen.de\/index.php\/wp-json\/wp\/v2\/media?parent=510"}],"wp:term":[{"taxonomy":"product_brand","embeddable":true,"href":"https:\/\/shop.zur-linde-ruegen.de\/index.php\/wp-json\/wp\/v2\/product_brand?post=510"},{"taxonomy":"product_cat","embeddable":true,"href":"https:\/\/shop.zur-linde-ruegen.de\/index.php\/wp-json\/wp\/v2\/product_cat?post=510"},{"taxonomy":"product_tag","embeddable":true,"href":"https:\/\/shop.zur-linde-ruegen.de\/index.php\/wp-json\/wp\/v2\/product_tag?post=510"}],"curies":[{"name":"wp","href":"https:\/\/api.w.org\/{rel}","templated":true}]}}